{"id":988626,"date":"2025-07-12T13:55:13","date_gmt":"2025-07-12T13:55:13","guid":{"rendered":"https:\/\/www.hammer.mawajans.com\/?page_id=988626"},"modified":"2025-09-24T10:00:39","modified_gmt":"2025-09-24T09:00:39","slug":"press-releases","status":"publish","type":"page","link":"https:\/\/www.hammerkupplungen.com\/ru\/press-releases\/","title":{"rendered":"\u041f\u0440\u0435\u0441\u0441-\u0440\u0435\u043b\u0438\u0437\u044b"},"content":{"rendered":"<div data-elementor-type=\"wp-page\" data-elementor-id=\"988626\" class=\"elementor elementor-988626\" data-elementor-post-type=\"page\">\n\t\t\t\t<div class=\"elementor-element elementor-element-83689a9 e-flex e-con-boxed e-con e-parent\" data-id=\"83689a9\" data-element_type=\"container\" data-settings=\"{&quot;background_background&quot;:&quot;classic&quot;}\">\n\t\t\t\t\t<div class=\"e-con-inner\">\n\t\t\t\t\t<\/div>\n\t\t\t\t<\/div>\n\t\t<div class=\"elementor-element elementor-element-b6ba863 e-flex e-con-boxed e-con e-parent\" data-id=\"b6ba863\" data-element_type=\"container\">\n\t\t\t\t\t<div class=\"e-con-inner\">\n\t\t<div class=\"elementor-element elementor-element-ff3ed90 e-con-full e-grid e-con e-child\" data-id=\"ff3ed90\" data-element_type=\"container\">\n\t\t\t\t<div class=\"elementor-element elementor-element-6775657 elementor-widget__width-inherit elementor-position-top elementor-widget elementor-widget-image-box\" data-id=\"6775657\" data-element_type=\"widget\" data-widget_type=\"image-box.default\">\n\t\t\t\t<div class=\"elementor-widget-container\">\n\t\t\t\t\t<div class=\"elementor-image-box-wrapper\"><figure class=\"elementor-image-box-img\"><img fetchpriority=\"high\" decoding=\"async\" width=\"603\" height=\"598\" src=\"https:\/\/www.hammerkupplungen.com\/wp-content\/uploads\/2025\/07\/7Z4KtcaiJYRIMXlSTAhN.png\" class=\"attachment-full size-full wp-image-988633\" alt=\"\" srcset=\"https:\/\/www.hammerkupplungen.com\/wp-content\/uploads\/2025\/07\/7Z4KtcaiJYRIMXlSTAhN.png 603w, https:\/\/www.hammerkupplungen.com\/wp-content\/uploads\/2025\/07\/7Z4KtcaiJYRIMXlSTAhN-300x298.png 300w, https:\/\/www.hammerkupplungen.com\/wp-content\/uploads\/2025\/07\/7Z4KtcaiJYRIMXlSTAhN-150x150.png 150w\" sizes=\"(max-width: 603px) 100vw, 603px\" \/><\/figure><div class=\"elementor-image-box-content\"><h3 class=\"elementor-image-box-title\">D\u00f6nmez Clutch \u0433\u043e\u0442\u043e\u0432\u0438\u0442\u0441\u044f \u043a \u043f\u0440\u043e\u0438\u0437\u0432\u043e\u0434\u0441\u0442\u0432\u0443 \u0441\u0446\u0435\u043f\u043b\u0435\u043d\u0438\u0439 \u043d\u0430 \u043e\u0441\u043d\u043e\u0432\u0435 \u0434\u0430\u0442\u0447\u0438\u043a\u043e\u0432!<\/h3><p class=\"elementor-image-box-description\">\u041a\u043e\u043c\u043f\u0430\u043d\u0438\u044f D\u00f6nmez Clutch, \u0442\u0443\u0440\u0435\u0446\u043a\u0438\u0439 \u043f\u0440\u043e\u0438\u0437\u0432\u043e\u0434\u0438\u0442\u0435\u043b\u044c \u0441\u0446\u0435\u043f\u043b\u0435\u043d\u0438\u0439, \u0433\u043e\u0442\u043e\u0432\u0438\u0442\u0441\u044f \u0432\u044b\u0439\u0442\u0438 \u043d\u0430 \u043d\u043e\u0432\u044b\u0439 \u0443\u0440\u043e\u0432\u0435\u043d\u044c, \u043f\u0440\u0435\u0434\u0441\u0442\u0430\u0432\u0438\u0432 \u0441\u0446\u0435\u043f\u043b\u0435\u043d\u0438\u0435 \u0441 \u0434\u0430\u0442\u0447\u0438\u043a\u0430\u043c\u0438, \u0440\u0430\u0437\u0440\u0430\u0431\u043e\u0442\u0430\u043d\u043d\u043e\u0435 \u0432 \u0435\u0451 \u043d\u0430\u0443\u0447\u043d\u043e-\u0438\u0441\u0441\u043b\u0435\u0434\u043e\u0432\u0430\u0442\u0435\u043b\u044c\u0441\u043a\u0438\u0445 \u0446\u0435\u043d\u0442\u0440\u0430\u0445.\n\n\u0413\u0430\u0437\u0435\u0442\u0430 Dunya<\/p><\/div><\/div>\t\t\t\t<\/div>\n\t\t\t\t<\/div>\n\t\t\t\t<div class=\"elementor-element elementor-element-7b8112e elementor-widget__width-inherit elementor-position-top elementor-widget elementor-widget-image-box\" data-id=\"7b8112e\" data-element_type=\"widget\" data-widget_type=\"image-box.default\">\n\t\t\t\t<div class=\"elementor-widget-container\">\n\t\t\t\t\t<div class=\"elementor-image-box-wrapper\"><figure class=\"elementor-image-box-img\"><img decoding=\"async\" width=\"506\" height=\"513\" src=\"https:\/\/www.hammerkupplungen.com\/wp-content\/uploads\/2025\/07\/NM0I2T3kXCLiSqpGrEFY.png\" class=\"attachment-full size-full wp-image-988636\" alt=\"\" srcset=\"https:\/\/www.hammerkupplungen.com\/wp-content\/uploads\/2025\/07\/NM0I2T3kXCLiSqpGrEFY.png 506w, https:\/\/www.hammerkupplungen.com\/wp-content\/uploads\/2025\/07\/NM0I2T3kXCLiSqpGrEFY-296x300.png 296w\" sizes=\"(max-width: 506px) 100vw, 506px\" \/><\/figure><div class=\"elementor-image-box-content\"><h3 class=\"elementor-image-box-title\">\u041c\u044b \u043f\u043e\u043b\u0443\u0447\u0438\u043b\u0438 \u043d\u0430\u0433\u0440\u0430\u0434\u0443 \u0437\u0430 \u0442\u0440\u0435\u0442\u044c\u0435 \u043c\u0435\u0441\u0442\u043e \u0432 \u043a\u0430\u0442\u0435\u0433\u043e\u0440\u0438\u0438 \u00ab\u0418\u043d\u0432\u0435\u0441\u0442\u0438\u0446\u0438\u0438\u00bb \u043e\u0442 EBSO!<\/h3><p class=\"elementor-image-box-description\">\u041c\u044b \u0440\u0430\u0434\u044b \u0438 \u0433\u043e\u0440\u0434\u0438\u043c\u0441\u044f \u0442\u0435\u043c, \u0447\u0442\u043e \u0431\u044b\u043b\u0438 \u043f\u0440\u0438\u0437\u043d\u0430\u043d\u044b \u0434\u043e\u0441\u0442\u043e\u0439\u043d\u044b\u043c\u0438 \u043d\u0430\u0433\u0440\u0430\u0434\u044b \u00ab\u0422\u0440\u0435\u0442\u044c\u0435 \u043c\u0435\u0441\u0442\u043e \u043f\u043e \u0438\u043d\u0432\u0435\u0441\u0442\u0438\u0446\u0438\u044f\u043c\u00bb \u0432 \u0440\u0430\u043c\u043a\u0430\u0445 \u00ab\u0418\u0441\u0441\u043b\u0435\u0434\u043e\u0432\u0430\u043d\u0438\u044f \u0443\u0441\u043f\u0435\u0448\u043d\u044b\u0445 \u043f\u0440\u043e\u043c\u044b\u0448\u043b\u0435\u043d\u043d\u044b\u0445 \u043f\u0440\u0435\u0434\u043f\u0440\u0438\u044f\u0442\u0438\u0439\u00bb, \u043e\u0440\u0433\u0430\u043d\u0438\u0437\u043e\u0432\u0430\u043d\u043d\u043e\u0433\u043e \u042d\u0433\u0435\u0439\u0441\u043a\u043e\u0439 \u0440\u0435\u0433\u0438\u043e\u043d\u0430\u043b\u044c\u043d\u043e\u0439 \u043f\u0440\u043e\u043c\u044b\u0448\u043b\u0435\u043d\u043d\u043e\u0439 \u043f\u0430\u043b\u0430\u0442\u043e\u0439 (EBSO), \u0437\u0430 \u043d\u0430\u0448\u0443 \u0431\u043e\u0440\u044c\u0431\u0443 \u0437\u0430 \u043d\u0430\u0448\u0443 \u0441\u0442\u0440\u0430\u043d\u0443 \u0438 \u043d\u0430\u0448 \u0432\u043a\u043b\u0430\u0434 \u0432 \u043d\u0430\u0446\u0438\u043e\u043d\u0430\u043b\u044c\u043d\u0443\u044e \u044d\u043a\u043e\u043d\u043e\u043c\u0438\u043a\u0443, \u043d\u0435\u0441\u043c\u043e\u0442\u0440\u044f \u043d\u0430 \u0432\u0441\u0435 \u0441\u043b\u043e\u0436\u043d\u044b\u0435 \u0443\u0441\u043b\u043e\u0432\u0438\u044f \u043f\u0430\u043d\u0434\u0435\u043c\u0438\u0438.<\/p><\/div><\/div>\t\t\t\t<\/div>\n\t\t\t\t<\/div>\n\t\t\t\t<div class=\"elementor-element elementor-element-43dd688 elementor-widget__width-inherit elementor-position-top elementor-widget elementor-widget-image-box\" data-id=\"43dd688\" data-element_type=\"widget\" data-widget_type=\"image-box.default\">\n\t\t\t\t<div class=\"elementor-widget-container\">\n\t\t\t\t\t<div class=\"elementor-image-box-wrapper\"><figure class=\"elementor-image-box-img\"><img decoding=\"async\" width=\"626\" height=\"362\" src=\"https:\/\/www.hammerkupplungen.com\/wp-content\/uploads\/2025\/07\/APFfSHrhe2tzc9paXlNx.png\" class=\"attachment-full size-full wp-image-988634\" alt=\"\" srcset=\"https:\/\/www.hammerkupplungen.com\/wp-content\/uploads\/2025\/07\/APFfSHrhe2tzc9paXlNx.png 626w, https:\/\/www.hammerkupplungen.com\/wp-content\/uploads\/2025\/07\/APFfSHrhe2tzc9paXlNx-300x173.png 300w\" sizes=\"(max-width: 626px) 100vw, 626px\" \/><\/figure><div class=\"elementor-image-box-content\"><h3 class=\"elementor-image-box-title\">\u041c\u044b \u043f\u0440\u043e\u0432\u0435\u043b\u0438 \u043d\u0430\u0448\u0443 \u0432\u0442\u043e\u0440\u0443\u044e \u0432\u0441\u0442\u0440\u0435\u0447\u0443 \u043f\u043e \u043e\u0431\u043c\u0435\u043d\u0443 \u043e\u043f\u044b\u0442\u043e\u043c \u0432 La Vie Nouvelle!<\/h3><p class=\"elementor-image-box-description\">\u041a\u043e\u043c\u043f\u0430\u043d\u0438\u044f D\u00f6nmez Clutch, \u0432\u0435\u0434\u0443\u0449\u0438\u0439 \u0442\u0443\u0440\u0435\u0446\u043a\u0438\u0439 \u043f\u0440\u043e\u0438\u0437\u0432\u043e\u0434\u0438\u0442\u0435\u043b\u044c \u0441\u0446\u0435\u043f\u043b\u0435\u043d\u0438\u0439 \u0434\u043b\u044f \u043a\u043e\u043c\u043c\u0435\u0440\u0447\u0435\u0441\u043a\u043e\u0433\u043e \u0442\u0440\u0430\u043d\u0441\u043f\u043e\u0440\u0442\u0430, \u043f\u0440\u043e\u0432\u0435\u043b\u0430 \u0432\u0442\u043e\u0440\u0443\u044e \u0435\u0436\u0435\u0433\u043e\u0434\u043d\u0443\u044e \u0432\u0441\u0442\u0440\u0435\u0447\u0443 \u0432 La Vie Nouvelle \u0432 \u0418\u0437\u043c\u0438\u0440\u0435. \u0413\u0435\u043d\u0435\u0440\u0430\u043b\u044c\u043d\u044b\u0439 \u0434\u0438\u0440\u0435\u043a\u0442\u043e\u0440 \u043f\u043e\u0431\u043b\u0430\u0433\u043e\u0434\u0430\u0440\u0438\u043b \u0432\u0441\u0435\u0445 \u0441\u043e\u0442\u0440\u0443\u0434\u043d\u0438\u043a\u043e\u0432 \u0438 \u0437\u0430\u0438\u043d\u0442\u0435\u0440\u0435\u0441\u043e\u0432\u0430\u043d\u043d\u044b\u0445 \u043b\u0438\u0446 \u0437\u0430 \u0438\u0445 \u0432\u043a\u043b\u0430\u0434.<\/p><\/div><\/div>\t\t\t\t<\/div>\n\t\t\t\t<\/div>\n\t\t\t\t<div class=\"elementor-element elementor-element-8936e41 elementor-widget__width-inherit elementor-position-top elementor-widget elementor-widget-image-box\" data-id=\"8936e41\" data-element_type=\"widget\" data-widget_type=\"image-box.default\">\n\t\t\t\t<div class=\"elementor-widget-container\">\n\t\t\t\t\t<div class=\"elementor-image-box-wrapper\"><figure class=\"elementor-image-box-img\"><img loading=\"lazy\" decoding=\"async\" width=\"631\" height=\"630\" src=\"https:\/\/www.hammerkupplungen.com\/wp-content\/uploads\/2025\/07\/4Srae2FGoYThwPMQ0pnt.png\" class=\"attachment-full size-full wp-image-988631\" alt=\"\" srcset=\"https:\/\/www.hammerkupplungen.com\/wp-content\/uploads\/2025\/07\/4Srae2FGoYThwPMQ0pnt.png 631w, https:\/\/www.hammerkupplungen.com\/wp-content\/uploads\/2025\/07\/4Srae2FGoYThwPMQ0pnt-300x300.png 300w, https:\/\/www.hammerkupplungen.com\/wp-content\/uploads\/2025\/07\/4Srae2FGoYThwPMQ0pnt-150x150.png 150w\" sizes=\"(max-width: 631px) 100vw, 631px\" \/><\/figure><div class=\"elementor-image-box-content\"><h3 class=\"elementor-image-box-title\">ST Industry: D\u00f6nmez Debriaj \u0437\u0430\u0432\u0435\u0440\u0448\u0438\u043b\u0430 \u0441\u0432\u043e\u0439 \u043d\u043e\u0432\u044b\u0439 \u043f\u0440\u043e\u0435\u043a\u0442 \u0440\u043e\u0431\u043e\u0442\u0430!<\/h3><p class=\"elementor-image-box-description\">D\u00f6nmez Debriyaj, \u043e\u0434\u043d\u0430 \u0438\u0437 \u043a\u043e\u043c\u043f\u0430\u043d\u0438\u0439 \u0430\u0432\u0442\u043e\u043c\u043e\u0431\u0438\u043b\u044c\u043d\u043e\u0439 \u043f\u043e\u0434\u043e\u0442\u0440\u0430\u0441\u043b\u0438, \u0438\u043d\u0442\u0435\u0433\u0440\u0438\u0440\u043e\u0432\u0430\u043b\u0430 \u043d\u043e\u0432\u043e\u0433\u043e \u0440\u043e\u0431\u043e\u0442\u0430 \u0432 \u0441\u0432\u043e\u044e \u043f\u0440\u043e\u0438\u0437\u0432\u043e\u0434\u0441\u0442\u0432\u0435\u043d\u043d\u0443\u044e \u043b\u0438\u043d\u0438\u044e, \u0434\u043e\u0431\u0430\u0432\u0438\u0432 \u0442\u0435\u043c \u0441\u0430\u043c\u044b\u043c \u0435\u0449\u0435 \u043e\u0434\u0438\u043d \u043a \u0441\u0432\u043e\u0438\u043c \u0442\u0435\u043a\u0443\u0449\u0438\u043c \u0438\u043d\u0432\u0435\u0441\u0442\u0438\u0446\u0438\u044f\u043c \u0432 \u043f\u043e\u0432\u044b\u0448\u0435\u043d\u0438\u0435 \u043a\u0430\u0447\u0435\u0441\u0442\u0432\u0430 \u0438 \u043f\u0440\u043e\u0438\u0437\u0432\u043e\u0434\u0438\u0442\u0435\u043b\u044c\u043d\u043e\u0441\u0442\u0438 \u043f\u0440\u043e\u0438\u0437\u0432\u043e\u0434\u0441\u0442\u0432\u0430.<\/p><\/div><\/div>\t\t\t\t<\/div>\n\t\t\t\t<\/div>\n\t\t\t\t<div class=\"elementor-element elementor-element-2c38f70 elementor-widget__width-inherit elementor-position-top elementor-widget elementor-widget-image-box\" data-id=\"2c38f70\" data-element_type=\"widget\" data-widget_type=\"image-box.default\">\n\t\t\t\t<div class=\"elementor-widget-container\">\n\t\t\t\t\t<div class=\"elementor-image-box-wrapper\"><figure class=\"elementor-image-box-img\"><img loading=\"lazy\" decoding=\"async\" width=\"2560\" height=\"1707\" src=\"https:\/\/www.hammerkupplungen.com\/wp-content\/uploads\/2025\/07\/aGVbkh0i8oXyQrfcJ7zB-scaled.jpg\" class=\"attachment-full size-full wp-image-988628\" alt=\"\" srcset=\"https:\/\/www.hammerkupplungen.com\/wp-content\/uploads\/2025\/07\/aGVbkh0i8oXyQrfcJ7zB-scaled.jpg 2560w, https:\/\/www.hammerkupplungen.com\/wp-content\/uploads\/2025\/07\/aGVbkh0i8oXyQrfcJ7zB-300x200.jpg 300w, https:\/\/www.hammerkupplungen.com\/wp-content\/uploads\/2025\/07\/aGVbkh0i8oXyQrfcJ7zB-1024x683.jpg 1024w, https:\/\/www.hammerkupplungen.com\/wp-content\/uploads\/2025\/07\/aGVbkh0i8oXyQrfcJ7zB-768x512.jpg 768w, https:\/\/www.hammerkupplungen.com\/wp-content\/uploads\/2025\/07\/aGVbkh0i8oXyQrfcJ7zB-1536x1024.jpg 1536w, https:\/\/www.hammerkupplungen.com\/wp-content\/uploads\/2025\/07\/aGVbkh0i8oXyQrfcJ7zB-2048x1365.jpg 2048w\" sizes=\"(max-width: 2560px) 100vw, 2560px\" \/><\/figure><div class=\"elementor-image-box-content\"><h3 class=\"elementor-image-box-title\">D\u00f6nmez Clutch \u2014 \u043f\u044f\u0442\u044b\u0439 \u0432 \u043c\u0438\u0440\u0435 \u0438 \u043a\u0440\u0443\u043f\u043d\u0435\u0439\u0448\u0438\u0439 \u0432 \u0422\u0443\u0440\u0446\u0438\u0438 \u0431\u0440\u0435\u043d\u0434 \u0441\u0446\u0435\u043f\u043b\u0435\u043d\u0438\u0439.<\/h3><p class=\"elementor-image-box-description\">\u041a\u043e\u043c\u043f\u0430\u043d\u0438\u044f D\u00f6nmez Clutch Industry and Trade Inc., \u043a\u0440\u0443\u043f\u043d\u0435\u0439\u0448\u0438\u0439 \u0432 \u0422\u0443\u0440\u0446\u0438\u0438 \u0438 \u043f\u044f\u0442\u044b\u0439 \u043f\u043e \u0432\u0435\u043b\u0438\u0447\u0438\u043d\u0435 \u0432 \u043c\u0438\u0440\u0435 \u0431\u0440\u0435\u043d\u0434 \u043f\u043e \u043f\u0440\u043e\u0438\u0437\u0432\u043e\u0434\u0441\u0442\u0432\u0443 \u0441\u0446\u0435\u043f\u043b\u0435\u043d\u0438\u0439, \u043f\u0440\u043e\u0434\u043e\u043b\u0436\u0430\u0435\u0442 \u0443\u0434\u0435\u0440\u0436\u0438\u0432\u0430\u0442\u044c \u043b\u0438\u0434\u0438\u0440\u0443\u044e\u0449\u0438\u0435 \u043f\u043e\u0437\u0438\u0446\u0438\u0438, \u0443\u0432\u0435\u043b\u0438\u0447\u0438\u0432\u0430\u044f \u043a\u0430\u043a \u0437\u0430\u043d\u044f\u0442\u043e\u0441\u0442\u044c, \u0442\u0430\u043a \u0438 \u043f\u0430\u0440\u043a \u0442\u0435\u0445\u043d\u0438\u043a\u0438.<\/p><\/div><\/div>\t\t\t\t<\/div>\n\t\t\t\t<\/div>\n\t\t\t\t<\/div>\n\t\t<div class=\"elementor-element elementor-element-cff0ca6 e-con-full e-flex e-con e-child\" data-id=\"cff0ca6\" data-element_type=\"container\" data-settings=\"{&quot;sticky&quot;:&quot;top&quot;,&quot;sticky_parent&quot;:&quot;yes&quot;,&quot;sticky_on&quot;:[&quot;desktop&quot;,&quot;tablet&quot;,&quot;mobile&quot;],&quot;sticky_offset&quot;:0,&quot;sticky_effects_offset&quot;:0,&quot;sticky_anchor_link_offset&quot;:0}\">\n\t\t\t\t<div class=\"elementor-element elementor-element-e0f825e elementor-widget elementor-widget-sidebar\" data-id=\"e0f825e\" data-element_type=\"widget\" data-widget_type=\"sidebar.default\">\n\t\t\t\t<div class=\"elementor-widget-container\">\n\t\t\t\t\t<link rel='stylesheet' id='litespeed-cache-dummy-css' href='https:\/\/www.hammerkupplungen.com\/wp-content\/plugins\/litespeed-cache\/assets\/css\/litespeed-dummy.css?ver=6.8.1' type='text\/css' media='all' \/>\n<div class=\"widget widget_nav_menu\"><h3 class=\"widget-title\">\u0421\u041c\u0418 \u0438 \u043d\u043e\u0432\u043e\u0441\u0442\u0438<\/h3><div class=\"menu-blog-sidebar-menu-container\"><ul id=\"menu-blog-sidebar-menu\" class=\"menu\"><li id=\"menu-item-988730\" class=\"menu-item menu-item-type-post_type menu-item-object-page menu-item-988730\"><a href=\"https:\/\/www.hammerkupplungen.com\/ru\/events\/\">\u0421\u043e\u0431\u044b\u0442\u0438\u044f<\/a><\/li>\n<li id=\"menu-item-988729\" class=\"menu-item menu-item-type-post_type menu-item-object-page menu-item-988729\"><a href=\"https:\/\/www.hammerkupplungen.com\/ru\/our-awards\/\">\u041d\u0430\u0448\u0438 \u043d\u0430\u0433\u0440\u0430\u0434\u044b<\/a><\/li>\n<li id=\"menu-item-988280\" class=\"menu-item menu-item-type-post_type menu-item-object-page menu-item-988280\"><a href=\"https:\/\/www.hammerkupplungen.com\/ru\/debr-i-alem\/\">Debr-i Alem<\/a><\/li>\n<li id=\"menu-item-988731\" class=\"menu-item menu-item-type-post_type menu-item-object-page menu-item-988731\"><a href=\"https:\/\/www.hammerkupplungen.com\/ru\/press-releases\/\">\u041f\u0440\u0435\u0441\u0441-\u0440\u0435\u043b\u0438\u0437\u044b<\/a><\/li>\n<\/ul><\/div><\/div>\t\t\t\t<\/div>\n\t\t\t\t<\/div>\n\t\t\t\t<\/div>\n\t\t\t\t\t<\/div>\n\t\t\t\t<\/div>\n\t\t\t\t<\/div>","protected":false},"excerpt":{"rendered":"<p>D\u00f6nmez Clutch is preparing to produce sensor-based clutches! D\u00f6nmez Clutch, T\u00fcrkiye&#8217;s domestic clutch manufacturer, is preparing to break new ground with a sensor-based clutch designed in its R&#038;D centers. Dunya Newspaper We Received Our Third Place Investment Award from EBSO! We are happy and proud to have been deemed worthy of the &#8220;Third Place Investment&#8221;&#8230;<\/p>","protected":false},"author":1,"featured_media":3123,"parent":0,"menu_order":0,"comment_status":"closed","ping_status":"closed","template":"","meta":{"footnotes":""},"class_list":["post-988626","page","type-page","status-publish","has-post-thumbnail","hentry"],"_links":{"self":[{"href":"https:\/\/www.hammerkupplungen.com\/ru\/wp-json\/wp\/v2\/pages\/988626","targetHints":{"allow":["GET"]}}],"collection":[{"href":"https:\/\/www.hammerkupplungen.com\/ru\/wp-json\/wp\/v2\/pages"}],"about":[{"href":"https:\/\/www.hammerkupplungen.com\/ru\/wp-json\/wp\/v2\/types\/page"}],"author":[{"embeddable":true,"href":"https:\/\/www.hammerkupplungen.com\/ru\/wp-json\/wp\/v2\/users\/1"}],"replies":[{"embeddable":true,"href":"https:\/\/www.hammerkupplungen.com\/ru\/wp-json\/wp\/v2\/comments?post=988626"}],"version-history":[{"count":0,"href":"https:\/\/www.hammerkupplungen.com\/ru\/wp-json\/wp\/v2\/pages\/988626\/revisions"}],"wp:featuredmedia":[{"embeddable":true,"href":"https:\/\/www.hammerkupplungen.com\/ru\/wp-json\/wp\/v2\/media\/3123"}],"wp:attachment":[{"href":"https:\/\/www.hammerkupplungen.com\/ru\/wp-json\/wp\/v2\/media?parent=988626"}],"curies":[{"name":"wp","href":"https:\/\/api.w.org\/{rel}","templated":true}]}}